{"id":3017,"date":"2022-04-06T13:36:07","date_gmt":"2022-04-06T11:36:07","guid":{"rendered":"https:\/\/podravinaprigorjebike.com\/?page_id=3017"},"modified":"2022-04-07T14:24:49","modified_gmt":"2022-04-07T12:24:49","slug":"amazon-of-europe-bike-trail-route","status":"publish","type":"page","link":"https:\/\/podravinaprigorjebike.com\/en\/amazon-of-europe-bike-trail-route\/","title":{"rendered":"Amazon of Europe Bike Trail &#8211; Route"},"content":{"rendered":"<p><a href=\"https:\/\/podravinaprigorjebike.com\/wp-content\/uploads\/2022\/04\/amazon-of-europe-bike-trail-map.jpg\"><img loading=\"lazy\" decoding=\"async\" class=\"aligncenter wp-image-2995 size-large\" src=\"https:\/\/podravinaprigorjebike.com\/wp-content\/uploads\/2022\/04\/amazon-of-europe-bike-trail-map-1024x721.jpg\" alt=\"Amazon of Europe Bike Trail\" width=\"1024\" height=\"721\" srcset=\"https:\/\/podravinaprigorjebike.com\/wp-content\/uploads\/2022\/04\/amazon-of-europe-bike-trail-map-1024x721.jpg 1024w, https:\/\/podravinaprigorjebike.com\/wp-content\/uploads\/2022\/04\/amazon-of-europe-bike-trail-map-300x211.jpg 300w, https:\/\/podravinaprigorjebike.com\/wp-content\/uploads\/2022\/04\/amazon-of-europe-bike-trail-map-768x540.jpg 768w, https:\/\/podravinaprigorjebike.com\/wp-content\/uploads\/2022\/04\/amazon-of-europe-bike-trail-map-600x422.jpg 600w, https:\/\/podravinaprigorjebike.com\/wp-content\/uploads\/2022\/04\/amazon-of-europe-bike-trail-map-1536x1081.jpg 1536w, https:\/\/podravinaprigorjebike.com\/wp-content\/uploads\/2022\/04\/amazon-of-europe-bike-trail-map.jpg 1600w\" sizes=\"auto, (max-width: 1024px) 100vw, 1024px\" \/><\/a><\/p>\n<p>&nbsp;<\/p>\n<p>The Amazon of Europe Bike Trail is an international long-distance cycling trail long over 1,250 km, following the natural meanders of the rivers Mura, Drava and Danube, offering an unique opportunity for active holidays.<\/p>\n<p>The cycle route is passing along both sides of rivers and is split into two paths &#8211; the North Route (550 km) and the South Route (700 km) &#8211; both of which provide plenty of opportunities to visit tourism attractions and to experience the rivers.<\/p>\n<p>Each route is further divided into daily stages \u2013 there are 11 stages on the North Route and 16 on the South Route, 27 in total. The start point of both routes of the Bike Trail is in the town of Mureck, Austria (close to Graz) and the end point in the town of Moh\u00e1cs, Hungary (close to P\u00e9cs).<\/p>\n<p>More information about the route you can find on the official web page of project:<br \/>\n<a href=\"https:\/\/aoebiketrail.com\/hr\/home-hr\/\" target=\"_blank\" rel=\"noopener\"><strong>https:\/\/aoebiketrail.com\/hr\/home-hr\/<\/strong><\/a><\/p>\n<p>Three daily stages are passing through Koprivnica Kri\u017eevci County:<\/p>\n<p><strong>Stage S6 \u2013 Prelog \u2013 Koprivnica<\/strong><br \/>\nMore information about the daily stage:<br \/>\n<a href=\"https:\/\/aoebiketrail.com\/stages\/s6\/\" target=\"_blank\" rel=\"noopener\">https:\/\/aoebiketrail.com\/stages\/s6\/<\/a><\/p>\n<p><strong><a href=\"https:\/\/podravinaprigorjebike.com\/wp-content\/uploads\/2022\/04\/aoe-S6-S7.jpg\"><img loading=\"lazy\" decoding=\"async\" class=\"aligncenter size-large wp-image-3000\" src=\"https:\/\/podravinaprigorjebike.com\/wp-content\/uploads\/2022\/04\/aoe-S6-S7-1024x610.jpg\" alt=\"Amazon of Europe S6 - S7\" width=\"1024\" height=\"610\" srcset=\"https:\/\/podravinaprigorjebike.com\/wp-content\/uploads\/2022\/04\/aoe-S6-S7-1024x610.jpg 1024w, https:\/\/podravinaprigorjebike.com\/wp-content\/uploads\/2022\/04\/aoe-S6-S7-300x179.jpg 300w, https:\/\/podravinaprigorjebike.com\/wp-content\/uploads\/2022\/04\/aoe-S6-S7-768x457.jpg 768w, https:\/\/podravinaprigorjebike.com\/wp-content\/uploads\/2022\/04\/aoe-S6-S7-600x357.jpg 600w, https:\/\/podravinaprigorjebike.com\/wp-content\/uploads\/2022\/04\/aoe-S6-S7-1536x915.jpg 1536w, https:\/\/podravinaprigorjebike.com\/wp-content\/uploads\/2022\/04\/aoe-S6-S7-1600x953.jpg 1600w, https:\/\/podravinaprigorjebike.com\/wp-content\/uploads\/2022\/04\/aoe-S6-S7.jpg 1620w\" sizes=\"auto, (max-width: 1024px) 100vw, 1024px\" \/><\/a><\/strong><\/p>\n<p>&nbsp;<\/p>\n<p><strong>Stage S7: Koprivnica &#8211; \u0110ur\u0111evac<\/strong><br \/>\nMore information about the daily stage:<br \/>\n<a href=\"https:\/\/aoebiketrail.com\/stages\/s7\/\" target=\"_blank\" rel=\"noopener\">https:\/\/aoebiketrail.com\/stages\/s7\/<\/a><\/p>\n<p><strong><a href=\"https:\/\/podravinaprigorjebike.com\/wp-content\/uploads\/2022\/04\/aoe-S7-S8.jpg\"><img loading=\"lazy\" decoding=\"async\" class=\"aligncenter size-large wp-image-3003\" src=\"https:\/\/podravinaprigorjebike.com\/wp-content\/uploads\/2022\/04\/aoe-S7-S8-1024x610.jpg\" alt=\"Amazon of Europe S7 - S8\" width=\"1024\" height=\"610\" srcset=\"https:\/\/podravinaprigorjebike.com\/wp-content\/uploads\/2022\/04\/aoe-S7-S8-1024x610.jpg 1024w, https:\/\/podravinaprigorjebike.com\/wp-content\/uploads\/2022\/04\/aoe-S7-S8-300x179.jpg 300w, https:\/\/podravinaprigorjebike.com\/wp-content\/uploads\/2022\/04\/aoe-S7-S8-768x457.jpg 768w, https:\/\/podravinaprigorjebike.com\/wp-content\/uploads\/2022\/04\/aoe-S7-S8-600x357.jpg 600w, https:\/\/podravinaprigorjebike.com\/wp-content\/uploads\/2022\/04\/aoe-S7-S8-1536x915.jpg 1536w, https:\/\/podravinaprigorjebike.com\/wp-content\/uploads\/2022\/04\/aoe-S7-S8-1600x953.jpg 1600w, https:\/\/podravinaprigorjebike.com\/wp-content\/uploads\/2022\/04\/aoe-S7-S8.jpg 1620w\" sizes=\"auto, (max-width: 1024px) 100vw, 1024px\" \/><\/a><\/strong><\/p>\n<p>&nbsp;<\/p>\n<p><strong>Stage S8: \u0110ur\u0111evac &#8211; Pitoma\u010da<\/strong><br \/>\nMore information about the daily stage:<br \/>\n<a href=\"https:\/\/aoebiketrail.com\/stages\/s8\/\" target=\"_blank\" rel=\"noopener\">https:\/\/aoebiketrail.com\/stages\/s8\/<\/a><\/p>\n<p>You can download the digital version of the guide and the route map at the following link:<br \/>\n<a href=\"https:\/\/aoebiketrail.com\/hr\/info-guides-hr\/\" target=\"_blank\" rel=\"noopener\">https:\/\/aoebiketrail.com\/info-guides\/<\/a><\/p>\n<p>&nbsp;<\/p>\n<p>&nbsp;<\/p>\n<p><img loading=\"lazy\" decoding=\"async\" class=\"alignleft size-thumbnail wp-image-2717\" src=\"https:\/\/podravinaprigorjebike.com\/wp-content\/uploads\/2022\/04\/amazon-of-europe-bike-trail-logo-1280-150x150.png\" alt=\"Amazon of Europe Bike Trail logo\" width=\"150\" height=\"150\" srcset=\"https:\/\/podravinaprigorjebike.com\/wp-content\/uploads\/2022\/04\/amazon-of-europe-bike-trail-logo-1280-150x150.png 150w, https:\/\/podravinaprigorjebike.com\/wp-content\/uploads\/2022\/04\/amazon-of-europe-bike-trail-logo-1280-1015x1024.png 1015w, https:\/\/podravinaprigorjebike.com\/wp-content\/uploads\/2022\/04\/amazon-of-europe-bike-trail-logo-1280-768x775.png 768w, https:\/\/podravinaprigorjebike.com\/wp-content\/uploads\/2022\/04\/amazon-of-europe-bike-trail-logo-1280-500x500.png 500w, https:\/\/podravinaprigorjebike.com\/wp-content\/uploads\/2022\/04\/amazon-of-europe-bike-trail-logo-1280-600x605.png 600w, https:\/\/podravinaprigorjebike.com\/wp-content\/uploads\/2022\/04\/amazon-of-europe-bike-trail-logo-1280-1190x1200.png 1190w, https:\/\/podravinaprigorjebike.com\/wp-content\/uploads\/2022\/04\/amazon-of-europe-bike-trail-logo-1280-165x165.png 165w, https:\/\/podravinaprigorjebike.com\/wp-content\/uploads\/2022\/04\/amazon-of-europe-bike-trail-logo-1280-300x300.png 300w, https:\/\/podravinaprigorjebike.com\/wp-content\/uploads\/2022\/04\/amazon-of-europe-bike-trail-logo-1280-100x100.png 100w, https:\/\/podravinaprigorjebike.com\/wp-content\/uploads\/2022\/04\/amazon-of-europe-bike-trail-logo-1280.png 1299w\" sizes=\"auto, (max-width: 150px) 100vw, 150px\" \/><span style=\"color: #5b9bd5;\">Koprivnica Kri\u017eevci County is proud partner of the <span style=\"color: #70ad47;\">Amazon of Europe Bike Trail<\/span>. One of Europe&#8217;s leading long-distance cycling trails opens up all the magic of our transnational destination along the rivers Mura, Drava and Danube.<\/span><\/p>\n<p><span style=\"color: #5b9bd5;\">Visit: <a href=\"https:\/\/www.aoebiketrail.com\" target=\"_blank\" rel=\"noopener\"><span style=\"color: #70ad47;\">www.aoebiketrail.com<\/span><\/a><\/span><\/p>\n<p>&nbsp;<\/p>\n<figure id=\"attachment_2980\" aria-describedby=\"caption-attachment-2980\" style=\"width: 300px\" class=\"wp-caption aligncenter\"><img loading=\"lazy\" decoding=\"async\" class=\"size-medium wp-image-2980\" src=\"https:\/\/podravinaprigorjebike.com\/wp-content\/uploads\/2022\/04\/aoe-interreg-300x118.png\" alt=\"Interreg - Danube Transnational Programme\" width=\"300\" height=\"118\" srcset=\"https:\/\/podravinaprigorjebike.com\/wp-content\/uploads\/2022\/04\/aoe-interreg-300x118.png 300w, https:\/\/podravinaprigorjebike.com\/wp-content\/uploads\/2022\/04\/aoe-interreg-768x302.png 768w, https:\/\/podravinaprigorjebike.com\/wp-content\/uploads\/2022\/04\/aoe-interreg-600x236.png 600w, https:\/\/podravinaprigorjebike.com\/wp-content\/uploads\/2022\/04\/aoe-interreg.png 1020w\" sizes=\"auto, (max-width: 300px) 100vw, 300px\" \/><figcaption id=\"caption-attachment-2980\" class=\"wp-caption-text\">Project co-funded by European Union funds (ERDF, IPA)<\/figcaption><\/figure>\n","protected":false},"excerpt":{"rendered":"<p>&nbsp; The Amazon of Europe Bike Trail is an international long-distance cycling trail long over 1,250 km, following the natural meanders of the rivers Mura, Drava and Danube, offering an unique opportunity for active holidays. The cycle route is passing along both sides of rivers and is split into two paths &#8211; the North Route [&hellip;]<\/p>\n","protected":false},"author":6,"featured_media":0,"parent":0,"menu_order":0,"comment_status":"closed","ping_status":"closed","template":"","meta":{"footnotes":""},"class_list":["post-3017","page","type-page","status-publish","hentry"],"yoast_head":"<!-- This site is optimized with the Yoast SEO plugin v26.2 - https:\/\/yoast.com\/wordpress\/plugins\/seo\/ -->\n<title>Amazon of Europe Bike Trail - Route - Podravina &amp; Prigorje Bike<\/title>\n<meta name=\"robots\" content=\"index, follow, max-snippet:-1, max-image-preview:large, max-video-preview:-1\" \/>\n<link rel=\"canonical\" href=\"https:\/\/podravinaprigorjebike.com\/amazon-of-europe-bike-trail-route\/?lang=en\" \/>\n<meta property=\"og:locale\" content=\"en_US\" \/>\n<meta property=\"og:type\" content=\"article\" \/>\n<meta property=\"og:title\" content=\"Amazon of Europe Bike Trail - Route - Podravina &amp; Prigorje Bike\" \/>\n<meta property=\"og:description\" content=\"&nbsp; The Amazon of Europe Bike Trail is an international long-distance cycling trail long over 1,250 km, following the natural meanders of the rivers Mura, Drava and Danube, offering an unique opportunity for active holidays. The cycle route is passing along both sides of rivers and is split into two paths &#8211; the North Route [&hellip;]\" \/>\n<meta property=\"og:url\" content=\"https:\/\/podravinaprigorjebike.com\/amazon-of-europe-bike-trail-route\/?lang=en\" \/>\n<meta property=\"og:site_name\" content=\"Podravina &amp; Prigorje Bike\" \/>\n<meta property=\"article:modified_time\" content=\"2022-04-07T12:24:49+00:00\" \/>\n<meta property=\"og:image\" content=\"https:\/\/podravinaprigorjebike.com\/wp-content\/uploads\/2022\/04\/amazon-of-europe-bike-trail-map-1024x721.jpg\" \/>\n<meta name=\"twitter:card\" content=\"summary_large_image\" \/>\n<meta name=\"twitter:label1\" content=\"Est. reading time\" \/>\n\t<meta name=\"twitter:data1\" content=\"1 minute\" \/>\n<script type=\"application\/ld+json\" class=\"yoast-schema-graph\">{\"@context\":\"https:\/\/schema.org\",\"@graph\":[{\"@type\":\"WebPage\",\"@id\":\"https:\/\/podravinaprigorjebike.com\/amazon-of-europe-bike-trail-route\/?lang=en\",\"url\":\"https:\/\/podravinaprigorjebike.com\/amazon-of-europe-bike-trail-route\/?lang=en\",\"name\":\"Amazon of Europe Bike Trail - Route - Podravina &amp; Prigorje Bike\",\"isPartOf\":{\"@id\":\"https:\/\/podravinaprigorjebike.com\/#website\"},\"primaryImageOfPage\":{\"@id\":\"https:\/\/podravinaprigorjebike.com\/amazon-of-europe-bike-trail-route\/?lang=en#primaryimage\"},\"image\":{\"@id\":\"https:\/\/podravinaprigorjebike.com\/amazon-of-europe-bike-trail-route\/?lang=en#primaryimage\"},\"thumbnailUrl\":\"https:\/\/podravinaprigorjebike.com\/wp-content\/uploads\/2022\/04\/amazon-of-europe-bike-trail-map-1024x721.jpg\",\"datePublished\":\"2022-04-06T11:36:07+00:00\",\"dateModified\":\"2022-04-07T12:24:49+00:00\",\"breadcrumb\":{\"@id\":\"https:\/\/podravinaprigorjebike.com\/amazon-of-europe-bike-trail-route\/?lang=en#breadcrumb\"},\"inLanguage\":\"en-US\",\"potentialAction\":[{\"@type\":\"ReadAction\",\"target\":[\"https:\/\/podravinaprigorjebike.com\/amazon-of-europe-bike-trail-route\/?lang=en\"]}]},{\"@type\":\"ImageObject\",\"inLanguage\":\"en-US\",\"@id\":\"https:\/\/podravinaprigorjebike.com\/amazon-of-europe-bike-trail-route\/?lang=en#primaryimage\",\"url\":\"https:\/\/podravinaprigorjebike.com\/wp-content\/uploads\/2022\/04\/amazon-of-europe-bike-trail-map-1024x721.jpg\",\"contentUrl\":\"https:\/\/podravinaprigorjebike.com\/wp-content\/uploads\/2022\/04\/amazon-of-europe-bike-trail-map-1024x721.jpg\"},{\"@type\":\"BreadcrumbList\",\"@id\":\"https:\/\/podravinaprigorjebike.com\/amazon-of-europe-bike-trail-route\/?lang=en#breadcrumb\",\"itemListElement\":[{\"@type\":\"ListItem\",\"position\":1,\"name\":\"Home\",\"item\":\"https:\/\/podravinaprigorjebike.com\/?lang=en\"},{\"@type\":\"ListItem\",\"position\":2,\"name\":\"Amazon of Europe Bike Trail &#8211; Route\"}]},{\"@type\":\"WebSite\",\"@id\":\"https:\/\/podravinaprigorjebike.com\/#website\",\"url\":\"https:\/\/podravinaprigorjebike.com\/\",\"name\":\"Podravina &amp; Prigorje Bike\",\"description\":\"Biciklisti\u010dke staze, smje\u0161taj, eno-gastro i znamenitosti u Podravini i Prigorju\",\"potentialAction\":[{\"@type\":\"SearchAction\",\"target\":{\"@type\":\"EntryPoint\",\"urlTemplate\":\"https:\/\/podravinaprigorjebike.com\/?s={search_term_string}\"},\"query-input\":{\"@type\":\"PropertyValueSpecification\",\"valueRequired\":true,\"valueName\":\"search_term_string\"}}],\"inLanguage\":\"en-US\"}]}<\/script>\n<!-- \/ Yoast SEO plugin. -->","yoast_head_json":{"title":"Amazon of Europe Bike Trail - Route - Podravina &amp; Prigorje Bike","robots":{"index":"index","follow":"follow","max-snippet":"max-snippet:-1","max-image-preview":"max-image-preview:large","max-video-preview":"max-video-preview:-1"},"canonical":"https:\/\/podravinaprigorjebike.com\/amazon-of-europe-bike-trail-route\/?lang=en","og_locale":"en_US","og_type":"article","og_title":"Amazon of Europe Bike Trail - Route - Podravina &amp; Prigorje Bike","og_description":"&nbsp; The Amazon of Europe Bike Trail is an international long-distance cycling trail long over 1,250 km, following the natural meanders of the rivers Mura, Drava and Danube, offering an unique opportunity for active holidays. The cycle route is passing along both sides of rivers and is split into two paths &#8211; the North Route [&hellip;]","og_url":"https:\/\/podravinaprigorjebike.com\/amazon-of-europe-bike-trail-route\/?lang=en","og_site_name":"Podravina &amp; Prigorje Bike","article_modified_time":"2022-04-07T12:24:49+00:00","og_image":[{"url":"https:\/\/podravinaprigorjebike.com\/wp-content\/uploads\/2022\/04\/amazon-of-europe-bike-trail-map-1024x721.jpg","type":"","width":"","height":""}],"twitter_card":"summary_large_image","twitter_misc":{"Est. reading time":"1 minute"},"schema":{"@context":"https:\/\/schema.org","@graph":[{"@type":"WebPage","@id":"https:\/\/podravinaprigorjebike.com\/amazon-of-europe-bike-trail-route\/?lang=en","url":"https:\/\/podravinaprigorjebike.com\/amazon-of-europe-bike-trail-route\/?lang=en","name":"Amazon of Europe Bike Trail - Route - Podravina &amp; Prigorje Bike","isPartOf":{"@id":"https:\/\/podravinaprigorjebike.com\/#website"},"primaryImageOfPage":{"@id":"https:\/\/podravinaprigorjebike.com\/amazon-of-europe-bike-trail-route\/?lang=en#primaryimage"},"image":{"@id":"https:\/\/podravinaprigorjebike.com\/amazon-of-europe-bike-trail-route\/?lang=en#primaryimage"},"thumbnailUrl":"https:\/\/podravinaprigorjebike.com\/wp-content\/uploads\/2022\/04\/amazon-of-europe-bike-trail-map-1024x721.jpg","datePublished":"2022-04-06T11:36:07+00:00","dateModified":"2022-04-07T12:24:49+00:00","breadcrumb":{"@id":"https:\/\/podravinaprigorjebike.com\/amazon-of-europe-bike-trail-route\/?lang=en#breadcrumb"},"inLanguage":"en-US","potentialAction":[{"@type":"ReadAction","target":["https:\/\/podravinaprigorjebike.com\/amazon-of-europe-bike-trail-route\/?lang=en"]}]},{"@type":"ImageObject","inLanguage":"en-US","@id":"https:\/\/podravinaprigorjebike.com\/amazon-of-europe-bike-trail-route\/?lang=en#primaryimage","url":"https:\/\/podravinaprigorjebike.com\/wp-content\/uploads\/2022\/04\/amazon-of-europe-bike-trail-map-1024x721.jpg","contentUrl":"https:\/\/podravinaprigorjebike.com\/wp-content\/uploads\/2022\/04\/amazon-of-europe-bike-trail-map-1024x721.jpg"},{"@type":"BreadcrumbList","@id":"https:\/\/podravinaprigorjebike.com\/amazon-of-europe-bike-trail-route\/?lang=en#breadcrumb","itemListElement":[{"@type":"ListItem","position":1,"name":"Home","item":"https:\/\/podravinaprigorjebike.com\/?lang=en"},{"@type":"ListItem","position":2,"name":"Amazon of Europe Bike Trail &#8211; Route"}]},{"@type":"WebSite","@id":"https:\/\/podravinaprigorjebike.com\/#website","url":"https:\/\/podravinaprigorjebike.com\/","name":"Podravina &amp; Prigorje Bike","description":"Biciklisti\u010dke staze, smje\u0161taj, eno-gastro i znamenitosti u Podravini i Prigorju","potentialAction":[{"@type":"SearchAction","target":{"@type":"EntryPoint","urlTemplate":"https:\/\/podravinaprigorjebike.com\/?s={search_term_string}"},"query-input":{"@type":"PropertyValueSpecification","valueRequired":true,"valueName":"search_term_string"}}],"inLanguage":"en-US"}]}},"_links":{"self":[{"href":"https:\/\/podravinaprigorjebike.com\/en\/wp-json\/wp\/v2\/pages\/3017","targetHints":{"allow":["GET"]}}],"collection":[{"href":"https:\/\/podravinaprigorjebike.com\/en\/wp-json\/wp\/v2\/pages"}],"about":[{"href":"https:\/\/podravinaprigorjebike.com\/en\/wp-json\/wp\/v2\/types\/page"}],"author":[{"embeddable":true,"href":"https:\/\/podravinaprigorjebike.com\/en\/wp-json\/wp\/v2\/users\/6"}],"replies":[{"embeddable":true,"href":"https:\/\/podravinaprigorjebike.com\/en\/wp-json\/wp\/v2\/comments?post=3017"}],"version-history":[{"count":1,"href":"https:\/\/podravinaprigorjebike.com\/en\/wp-json\/wp\/v2\/pages\/3017\/revisions"}],"predecessor-version":[{"id":3018,"href":"https:\/\/podravinaprigorjebike.com\/en\/wp-json\/wp\/v2\/pages\/3017\/revisions\/3018"}],"wp:attachment":[{"href":"https:\/\/podravinaprigorjebike.com\/en\/wp-json\/wp\/v2\/media?parent=3017"}],"curies":[{"name":"wp","href":"https:\/\/api.w.org\/{rel}","templated":true}]}}