{"id":5773,"date":"2022-04-28T15:11:25","date_gmt":"2022-04-28T13:11:25","guid":{"rendered":"https:\/\/podravinaprigorjebike.com\/?page_id=5773"},"modified":"2022-08-30T11:22:51","modified_gmt":"2022-08-30T09:22:51","slug":"brochures-and-catalogs","status":"publish","type":"page","link":"https:\/\/podravinaprigorjebike.com\/en\/brochures-and-catalogs\/","title":{"rendered":"Brochures and Catalogs"},"content":{"rendered":"<div class=\"wpb-content-wrapper\"><p>[vc_row][vc_column width=&#8221;1\/3&#8243;][vc_column_text]<i class=\"fa-file-pdf\"><\/i><img loading=\"lazy\" decoding=\"async\" class=\"size-thumbnail wp-image-701 alignleft\" src=\"https:\/\/podravinaprigorjebike.com\/wp-content\/uploads\/2018\/03\/basic1-046_file_pdf-512-150x150.png\" alt=\"\" width=\"150\" height=\"150\" srcset=\"https:\/\/podravinaprigorjebike.com\/wp-content\/uploads\/2018\/03\/basic1-046_file_pdf-512-150x150.png 150w, https:\/\/podravinaprigorjebike.com\/wp-content\/uploads\/2018\/03\/basic1-046_file_pdf-512-300x300.png 300w, https:\/\/podravinaprigorjebike.com\/wp-content\/uploads\/2018\/03\/basic1-046_file_pdf-512-100x100.png 100w, https:\/\/podravinaprigorjebike.com\/wp-content\/uploads\/2018\/03\/basic1-046_file_pdf-512-165x165.png 165w, https:\/\/podravinaprigorjebike.com\/wp-content\/uploads\/2018\/03\/basic1-046_file_pdf-512.png 512w\" sizes=\"auto, (max-width: 150px) 100vw, 150px\" \/><a href=\"https:\/\/podravinaprigorjebike.com\/wp-content\/uploads\/2018\/03\/eno-gastro-vodic_podravina.pdf\" target=\"_blank\" rel=\"noopener\">Travel Guide: Wine and Gastronomy of Podravina and Prigorje<\/a><\/p>\n<p><a href=\"https:\/\/podravinaprigorjebike.com\/wp-content\/uploads\/2018\/03\/Vinska-cesta-Kri\u017eevci-prospekt.pdf\">Wine road Kri\u017eevci<\/a><\/p>\n<p><a href=\"https:\/\/podravinaprigorjebike.com\/wp-content\/uploads\/2018\/03\/Karta-vinske-ceste-\u0110ur\u0111evac.pdf\">Wine road \u0110ur\u0111evac<\/a><\/p>\n<p><a href=\"https:\/\/podravinaprigorjebike.com\/wp-content\/uploads\/2018\/03\/galerijska-cesta-Podravine-i-Prigorja.pdf\" target=\"_blank\" rel=\"noopener\">Podravina and Prigorje Gallery road<\/a>[\/vc_column_text][\/vc_column][vc_column width=&#8221;2\/3&#8243;][vc_gallery type=&#8221;image_grid&#8221; images=&#8221;697,696,692&#8243; img_size=&#8221;200&#215;200&#8243;][\/vc_column][\/vc_row][vc_row][vc_column width=&#8221;1\/5&#8243;][vc_single_image image=&#8221;6347&#8243; img_size=&#8221;medium&#8221; onclick=&#8221;custom_link&#8221; img_link_target=&#8221;_blank&#8221; link=&#8221;https:\/\/podravinaprigorjebike.com\/wp-content\/uploads\/2022\/08\/Generalic-digitalizirana-prezentacija-bastine-web.pdf&#8221;][\/vc_column][vc_column width=&#8221;1\/5&#8243;][\/vc_column][vc_column width=&#8221;1\/5&#8243;][\/vc_column][vc_column width=&#8221;1\/5&#8243;][\/vc_column][vc_column width=&#8221;1\/5&#8243;][\/vc_column][\/vc_row]<\/p>\n<\/div>","protected":false},"excerpt":{"rendered":"<p>[vc_row][vc_column width=&#8221;1\/3&#8243;][vc_column_text]Travel Guide: Wine and Gastronomy of Podravina and Prigorje Wine road Kri\u017eevci Wine road \u0110ur\u0111evac Podravina and Prigorje Gallery road[\/vc_column_text][\/vc_column][vc_column width=&#8221;2\/3&#8243;][vc_gallery type=&#8221;image_grid&#8221; images=&#8221;697,696,692&#8243; img_size=&#8221;200&#215;200&#8243;][\/vc_column][\/vc_row][vc_row][vc_column width=&#8221;1\/5&#8243;][vc_single_image image=&#8221;6347&#8243; img_size=&#8221;medium&#8221; onclick=&#8221;custom_link&#8221; img_link_target=&#8221;_blank&#8221; link=&#8221;https:\/\/podravinaprigorjebike.com\/wp-content\/uploads\/2022\/08\/Generalic-digitalizirana-prezentacija-bastine-web.pdf&#8221;][\/vc_column][vc_column width=&#8221;1\/5&#8243;][\/vc_column][vc_column width=&#8221;1\/5&#8243;][\/vc_column][vc_column width=&#8221;1\/5&#8243;][\/vc_column][vc_column width=&#8221;1\/5&#8243;][\/vc_column][\/vc_row]<\/p>\n","protected":false},"author":6,"featured_media":0,"parent":0,"menu_order":0,"comment_status":"closed","ping_status":"closed","template":"","meta":{"footnotes":""},"class_list":["post-5773","page","type-page","status-publish","hentry"],"yoast_head":"<!-- This site is optimized with the Yoast SEO plugin v26.2 - https:\/\/yoast.com\/wordpress\/plugins\/seo\/ -->\n<title>Brochures and Catalogs - Podravina &amp; Prigorje Bike<\/title>\n<meta name=\"robots\" content=\"index, follow, max-snippet:-1, max-image-preview:large, max-video-preview:-1\" \/>\n<link rel=\"canonical\" href=\"https:\/\/podravinaprigorjebike.com\/en\/brochures-and-catalogs\/\" \/>\n<meta property=\"og:locale\" content=\"en_US\" \/>\n<meta property=\"og:type\" content=\"article\" \/>\n<meta property=\"og:title\" content=\"Brochures and Catalogs - Podravina &amp; Prigorje Bike\" \/>\n<meta property=\"og:description\" content=\"[vc_row][vc_column width=&#8221;1\/3&#8243;][vc_column_text]Travel Guide: Wine and Gastronomy of Podravina and Prigorje Wine road Kri\u017eevci Wine road \u0110ur\u0111evac Podravina and Prigorje Gallery road[\/vc_column_text][\/vc_column][vc_column width=&#8221;2\/3&#8243;][vc_gallery type=&#8221;image_grid&#8221; images=&#8221;697,696,692&#8243; img_size=&#8221;200&#215;200&#8243;][\/vc_column][\/vc_row][vc_row][vc_column width=&#8221;1\/5&#8243;][vc_single_image image=&#8221;6347&#8243; img_size=&#8221;medium&#8221; onclick=&#8221;custom_link&#8221; img_link_target=&#8221;_blank&#8221; link=&#8221;https:\/\/podravinaprigorjebike.com\/wp-content\/uploads\/2022\/08\/Generalic-digitalizirana-prezentacija-bastine-web.pdf&#8221;][\/vc_column][vc_column width=&#8221;1\/5&#8243;][\/vc_column][vc_column width=&#8221;1\/5&#8243;][\/vc_column][vc_column width=&#8221;1\/5&#8243;][\/vc_column][vc_column width=&#8221;1\/5&#8243;][\/vc_column][\/vc_row]\" \/>\n<meta property=\"og:url\" content=\"https:\/\/podravinaprigorjebike.com\/en\/brochures-and-catalogs\/\" \/>\n<meta property=\"og:site_name\" content=\"Podravina &amp; Prigorje Bike\" \/>\n<meta property=\"article:modified_time\" content=\"2022-08-30T09:22:51+00:00\" \/>\n<meta property=\"og:image\" content=\"https:\/\/podravinaprigorjebike.com\/wp-content\/uploads\/2018\/03\/basic1-046_file_pdf-512-150x150.png\" \/>\n<meta name=\"twitter:card\" content=\"summary_large_image\" \/>\n<meta name=\"twitter:label1\" content=\"Est. reading time\" \/>\n\t<meta name=\"twitter:data1\" content=\"1 minute\" \/>\n<script type=\"application\/ld+json\" class=\"yoast-schema-graph\">{\"@context\":\"https:\/\/schema.org\",\"@graph\":[{\"@type\":\"WebPage\",\"@id\":\"https:\/\/podravinaprigorjebike.com\/en\/brochures-and-catalogs\/\",\"url\":\"https:\/\/podravinaprigorjebike.com\/en\/brochures-and-catalogs\/\",\"name\":\"Brochures and Catalogs - Podravina &amp; Prigorje Bike\",\"isPartOf\":{\"@id\":\"https:\/\/podravinaprigorjebike.com\/#website\"},\"primaryImageOfPage\":{\"@id\":\"https:\/\/podravinaprigorjebike.com\/en\/brochures-and-catalogs\/#primaryimage\"},\"image\":{\"@id\":\"https:\/\/podravinaprigorjebike.com\/en\/brochures-and-catalogs\/#primaryimage\"},\"thumbnailUrl\":\"https:\/\/podravinaprigorjebike.com\/wp-content\/uploads\/2018\/03\/basic1-046_file_pdf-512-150x150.png\",\"datePublished\":\"2022-04-28T13:11:25+00:00\",\"dateModified\":\"2022-08-30T09:22:51+00:00\",\"breadcrumb\":{\"@id\":\"https:\/\/podravinaprigorjebike.com\/en\/brochures-and-catalogs\/#breadcrumb\"},\"inLanguage\":\"en-US\",\"potentialAction\":[{\"@type\":\"ReadAction\",\"target\":[\"https:\/\/podravinaprigorjebike.com\/en\/brochures-and-catalogs\/\"]}]},{\"@type\":\"ImageObject\",\"inLanguage\":\"en-US\",\"@id\":\"https:\/\/podravinaprigorjebike.com\/en\/brochures-and-catalogs\/#primaryimage\",\"url\":\"https:\/\/podravinaprigorjebike.com\/wp-content\/uploads\/2018\/03\/basic1-046_file_pdf-512-150x150.png\",\"contentUrl\":\"https:\/\/podravinaprigorjebike.com\/wp-content\/uploads\/2018\/03\/basic1-046_file_pdf-512-150x150.png\"},{\"@type\":\"BreadcrumbList\",\"@id\":\"https:\/\/podravinaprigorjebike.com\/en\/brochures-and-catalogs\/#breadcrumb\",\"itemListElement\":[{\"@type\":\"ListItem\",\"position\":1,\"name\":\"Home\",\"item\":\"https:\/\/podravinaprigorjebike.com\/?lang=en\"},{\"@type\":\"ListItem\",\"position\":2,\"name\":\"Brochures and Catalogs\"}]},{\"@type\":\"WebSite\",\"@id\":\"https:\/\/podravinaprigorjebike.com\/#website\",\"url\":\"https:\/\/podravinaprigorjebike.com\/\",\"name\":\"Podravina &amp; Prigorje Bike\",\"description\":\"Biciklisti\u010dke staze, smje\u0161taj, eno-gastro i znamenitosti u Podravini i Prigorju\",\"potentialAction\":[{\"@type\":\"SearchAction\",\"target\":{\"@type\":\"EntryPoint\",\"urlTemplate\":\"https:\/\/podravinaprigorjebike.com\/?s={search_term_string}\"},\"query-input\":{\"@type\":\"PropertyValueSpecification\",\"valueRequired\":true,\"valueName\":\"search_term_string\"}}],\"inLanguage\":\"en-US\"}]}<\/script>\n<!-- \/ Yoast SEO plugin. -->","yoast_head_json":{"title":"Brochures and Catalogs - Podravina &amp; Prigorje Bike","robots":{"index":"index","follow":"follow","max-snippet":"max-snippet:-1","max-image-preview":"max-image-preview:large","max-video-preview":"max-video-preview:-1"},"canonical":"https:\/\/podravinaprigorjebike.com\/en\/brochures-and-catalogs\/","og_locale":"en_US","og_type":"article","og_title":"Brochures and Catalogs - Podravina &amp; Prigorje Bike","og_description":"[vc_row][vc_column width=&#8221;1\/3&#8243;][vc_column_text]Travel Guide: Wine and Gastronomy of Podravina and Prigorje Wine road Kri\u017eevci Wine road \u0110ur\u0111evac Podravina and Prigorje Gallery road[\/vc_column_text][\/vc_column][vc_column width=&#8221;2\/3&#8243;][vc_gallery type=&#8221;image_grid&#8221; images=&#8221;697,696,692&#8243; img_size=&#8221;200&#215;200&#8243;][\/vc_column][\/vc_row][vc_row][vc_column width=&#8221;1\/5&#8243;][vc_single_image image=&#8221;6347&#8243; img_size=&#8221;medium&#8221; onclick=&#8221;custom_link&#8221; img_link_target=&#8221;_blank&#8221; link=&#8221;https:\/\/podravinaprigorjebike.com\/wp-content\/uploads\/2022\/08\/Generalic-digitalizirana-prezentacija-bastine-web.pdf&#8221;][\/vc_column][vc_column width=&#8221;1\/5&#8243;][\/vc_column][vc_column width=&#8221;1\/5&#8243;][\/vc_column][vc_column width=&#8221;1\/5&#8243;][\/vc_column][vc_column width=&#8221;1\/5&#8243;][\/vc_column][\/vc_row]","og_url":"https:\/\/podravinaprigorjebike.com\/en\/brochures-and-catalogs\/","og_site_name":"Podravina &amp; Prigorje Bike","article_modified_time":"2022-08-30T09:22:51+00:00","og_image":[{"url":"https:\/\/podravinaprigorjebike.com\/wp-content\/uploads\/2018\/03\/basic1-046_file_pdf-512-150x150.png","type":"","width":"","height":""}],"twitter_card":"summary_large_image","twitter_misc":{"Est. reading time":"1 minute"},"schema":{"@context":"https:\/\/schema.org","@graph":[{"@type":"WebPage","@id":"https:\/\/podravinaprigorjebike.com\/en\/brochures-and-catalogs\/","url":"https:\/\/podravinaprigorjebike.com\/en\/brochures-and-catalogs\/","name":"Brochures and Catalogs - Podravina &amp; Prigorje Bike","isPartOf":{"@id":"https:\/\/podravinaprigorjebike.com\/#website"},"primaryImageOfPage":{"@id":"https:\/\/podravinaprigorjebike.com\/en\/brochures-and-catalogs\/#primaryimage"},"image":{"@id":"https:\/\/podravinaprigorjebike.com\/en\/brochures-and-catalogs\/#primaryimage"},"thumbnailUrl":"https:\/\/podravinaprigorjebike.com\/wp-content\/uploads\/2018\/03\/basic1-046_file_pdf-512-150x150.png","datePublished":"2022-04-28T13:11:25+00:00","dateModified":"2022-08-30T09:22:51+00:00","breadcrumb":{"@id":"https:\/\/podravinaprigorjebike.com\/en\/brochures-and-catalogs\/#breadcrumb"},"inLanguage":"en-US","potentialAction":[{"@type":"ReadAction","target":["https:\/\/podravinaprigorjebike.com\/en\/brochures-and-catalogs\/"]}]},{"@type":"ImageObject","inLanguage":"en-US","@id":"https:\/\/podravinaprigorjebike.com\/en\/brochures-and-catalogs\/#primaryimage","url":"https:\/\/podravinaprigorjebike.com\/wp-content\/uploads\/2018\/03\/basic1-046_file_pdf-512-150x150.png","contentUrl":"https:\/\/podravinaprigorjebike.com\/wp-content\/uploads\/2018\/03\/basic1-046_file_pdf-512-150x150.png"},{"@type":"BreadcrumbList","@id":"https:\/\/podravinaprigorjebike.com\/en\/brochures-and-catalogs\/#breadcrumb","itemListElement":[{"@type":"ListItem","position":1,"name":"Home","item":"https:\/\/podravinaprigorjebike.com\/?lang=en"},{"@type":"ListItem","position":2,"name":"Brochures and Catalogs"}]},{"@type":"WebSite","@id":"https:\/\/podravinaprigorjebike.com\/#website","url":"https:\/\/podravinaprigorjebike.com\/","name":"Podravina &amp; Prigorje Bike","description":"Biciklisti\u010dke staze, smje\u0161taj, eno-gastro i znamenitosti u Podravini i Prigorju","potentialAction":[{"@type":"SearchAction","target":{"@type":"EntryPoint","urlTemplate":"https:\/\/podravinaprigorjebike.com\/?s={search_term_string}"},"query-input":{"@type":"PropertyValueSpecification","valueRequired":true,"valueName":"search_term_string"}}],"inLanguage":"en-US"}]}},"_links":{"self":[{"href":"https:\/\/podravinaprigorjebike.com\/en\/wp-json\/wp\/v2\/pages\/5773","targetHints":{"allow":["GET"]}}],"collection":[{"href":"https:\/\/podravinaprigorjebike.com\/en\/wp-json\/wp\/v2\/pages"}],"about":[{"href":"https:\/\/podravinaprigorjebike.com\/en\/wp-json\/wp\/v2\/types\/page"}],"author":[{"embeddable":true,"href":"https:\/\/podravinaprigorjebike.com\/en\/wp-json\/wp\/v2\/users\/6"}],"replies":[{"embeddable":true,"href":"https:\/\/podravinaprigorjebike.com\/en\/wp-json\/wp\/v2\/comments?post=5773"}],"version-history":[{"count":6,"href":"https:\/\/podravinaprigorjebike.com\/en\/wp-json\/wp\/v2\/pages\/5773\/revisions"}],"predecessor-version":[{"id":6352,"href":"https:\/\/podravinaprigorjebike.com\/en\/wp-json\/wp\/v2\/pages\/5773\/revisions\/6352"}],"wp:attachment":[{"href":"https:\/\/podravinaprigorjebike.com\/en\/wp-json\/wp\/v2\/media?parent=5773"}],"curies":[{"name":"wp","href":"https:\/\/api.w.org\/{rel}","templated":true}]}}